{"id":1157,"date":"2019-10-03T10:17:17","date_gmt":"2019-10-03T10:17:17","guid":{"rendered":"http:\/\/eurobench2020.eu\/?page_id=1157"},"modified":"2023-06-13T10:33:17","modified_gmt":"2023-06-13T08:33:17","slug":"publications","status":"publish","type":"page","link":"https:\/\/neuralrehabilitation.org\/projects\/EUROBENCH\/publications\/","title":{"rendered":"Publications"},"content":{"rendered":"<h3>Journal publications:<\/h3>\n<ol>\n<li><i>Torricelli, Diego; Cort\u00e9s, Camilo; Lete, Nerea; Bertelsen, \u00c1lvaro; Gonzalez-Vargas, Jose E; del-Ama, Antonio J; Dimbwadyo, Iris; Moreno, Juan C; Florez, Julian; Pons, Jose L<\/i>; <strong>A Subject-Specific Kinematic Model to Predict Human Motion in Exoskeleton-Assisted Gait, Frontiers in neurorobotics<\/strong>, 12, 18, 2018.<\/li>\n<li><i>Caramia, Carlotta; Torricelli, Diego; Schmid, Maurizio; Mu\u00f1oz-Gonzalez, Adriana; Gonzalez-Vargas, Jose; Grandas, Francisco; Pons, Jose L<\/i>; <strong>IMU-Based Classification of Parkinson&#8217;s Disease From Gait: A Sensitivity Analysis on Sensor Location and Feature Selection<\/strong>, IEEE journal of biomedical and health informatics, 22, 6, 1765-1774, 2018.<\/li>\n<li><i>Sanchez-Villama\u00f1an, Maria del Carmen; Gonzalez-Vargas, Jose; Torricelli, Diego; Moreno, Juan C; Pons, Jose L<\/i>; <strong>Compliant lower limb exoskeletons: a comprehensive review on mechanical design principles, Journal of neuroengineering and rehabilitation<\/strong>, 16, 1, 55, 2019, BioMed Central.<\/li>\n<li><i>David Pinto-Fernandez, Diego Torricelli, Maria del Carmen Sanchez-Villamanan, Felix Aller, Katja Mombaur, Roberto Conti, Nicola Vitiello, Juan C. Moreno, and Jose Luis Pons<\/i>, <strong>Performance Evaluation of Lower Limb Exoskeletons: A systematic review<\/strong>, IEEE Transactions on Neural Systems and Rehabilitation Engineering.<\/li>\n<li><i>Felix Aller, David Pinto Fernandez, Diego Torricelli, Jose Luis Pons, Katja Mombaur<\/i>, <strong>State of the Art of Assessment Metrics for Humanoid Robot Locomotion<\/strong>, IEEE Robotics and Automation Letters (under review in journal, but accepted for publication at IEEE Humanoids).<\/li>\n<li><i>Torricelli, Diego<\/i>;<a href=\"https:\/\/neuralrehabilitation.org\/projects\/EUROBENCH\/wp-content\/uploads\/2019\/10\/2019_Torricelli_Benchmarking_the-Keystone-of-Robotics-Innnovatio.pdf\" target=\"_blanc\" rel=\"noopener\"><strong>Benchmarking: the keystone of robotics innovation<\/strong><\/a>, 10, 1, 2019.  &#8211; <i><a href=\"http:\/\/edition.pagesuite-professional.co.uk\/html5\/reader\/production\/default.aspx?pubname=&#038;edid=0d5ad7a6-fb33-40ea-b275-9a1234b94ddb\" target=\"_blanc\" rel=\"noopener\">see the full Open Access Government publication<\/a><\/i><\/li>\n<\/ol>\n<h3>Conference Proceedings:<\/h3>\n<ol>\n<li><i>Torricelli, D; Pinto-Fernandez, D; Conti, R; Vitiello, N; Pons, JL<\/i>; <strong>A Review of Performance Metrics for Lower Limb Wearable Robots: Preliminary Results<\/strong>, In: Carrozza M., Micera S., Pons J. (eds) Wearable Robotics: Challenges and Trends. WeRob 2018. Biosystems &#038; Biorobotics, vol 22, 147-151, 2018.<\/li>\n<li><i>S\u00e1nchez-Villama\u00f1\u00e1n, MC; Torricelli, D; Pons, JL<\/i>; <strong>Modeling Human-Exoskeleton Interaction: Preliminary Results<\/strong>, In: Carrozza M., Micera S., Pons J. (eds) Wearable Robotics: Challenges and Trends. WeRob 2018. Biosystems &#038; Biorobotics, vol 22, 137-141, 2018, Springer.<\/li>\n<li><i>Conti, R; Giovacchini, F; Saccares, L; Vitiello, N; Pons, JL; Torricelli, D<\/i>; <strong>What Do People Expect from Benchmarking of Bipedal Robots? Preliminary Results of the EUROBENCH Survey<\/strong>, In: Carrozza M., Micera S., Pons J. (eds) Wearable Robotics: Challenges and Trends. WeRob 2018. Biosystems &#038; Biorobotics, vol 22, 132-136, 2018, Springer.<\/li>\n<li><i>Torricelli, D; Pons, JL<\/i>; EUROBENCH: Preparing Robots for the Real World, In: Carrozza M., Micera S., Pons J. (eds) <strong>Wearable Robotics: Challenges and Trends<\/strong>. WeRob 2018. Biosystems &#038; Biorobotics, vol 22, 375-378, 2018, Springer.<\/li>\n<\/ol>\n<h3>Posters and other non-indexed publications:<\/h3>\n<ol>\n<li><i>David Pinto-Fern\u00e1ndez, Diego Torricelli, Jose Luis Pons<\/i>; <strong>Review of bipedal walking database: preliminary results<\/strong>, VIII AITADIS Conference on Support Technologies, Nov 29-30, 2018 Ciudad de M\u00e9xico, M\u00e9xico.<\/li>\n<li><i>Felix Aller, Katja Mombaur<\/i>; <strong>\u201cState of the art of assessment metrics and key system abilities of different bipedal robotic locomotion tasks\u201d<\/strong>, IROS 2018 Workshop on Latest Advances in Big Activity Data Sources for Robotics &#038; New Challenges, Madrid, Oct. 2018, <a href=\"https:\/\/seafile.zfn.uni-bremen.de\/d\/f4c2feaf3c3640baa987\/files\/?p=\/submitted_papers\/iros_soa_robotics_benchmark.pdf\" target=\"_blanc\" rel=\"noopener\">see the publication<\/a><\/li>\n<\/ol>\n","protected":false},"excerpt":{"rendered":"<p>Journal publications: Torricelli, Diego; Cort\u00e9s, Camilo; Lete, Nerea; Bertelsen, \u00c1lvaro; Gonzalez-Vargas, Jose E; del-Ama, Antonio J; Dimbwadyo, Iris; Moreno, Juan C; Florez, Julian; Pons, Jose L; A Subject-Specific Kinematic Model to Predict Human Motion in Exoskeleton-Assisted Gait, Frontiers in neurorobotics,<\/p>\n","protected":false},"author":5,"featured_media":0,"parent":0,"menu_order":0,"comment_status":"closed","ping_status":"closed","template":"","meta":{"ngg_post_thumbnail":0},"_links":{"self":[{"href":"https:\/\/neuralrehabilitation.org\/projects\/EUROBENCH\/wp-json\/wp\/v2\/pages\/1157"}],"collection":[{"href":"https:\/\/neuralrehabilitation.org\/projects\/EUROBENCH\/wp-json\/wp\/v2\/pages"}],"about":[{"href":"https:\/\/neuralrehabilitation.org\/projects\/EUROBENCH\/wp-json\/wp\/v2\/types\/page"}],"author":[{"embeddable":true,"href":"https:\/\/neuralrehabilitation.org\/projects\/EUROBENCH\/wp-json\/wp\/v2\/users\/5"}],"replies":[{"embeddable":true,"href":"https:\/\/neuralrehabilitation.org\/projects\/EUROBENCH\/wp-json\/wp\/v2\/comments?post=1157"}],"version-history":[{"count":7,"href":"https:\/\/neuralrehabilitation.org\/projects\/EUROBENCH\/wp-json\/wp\/v2\/pages\/1157\/revisions"}],"predecessor-version":[{"id":2945,"href":"https:\/\/neuralrehabilitation.org\/projects\/EUROBENCH\/wp-json\/wp\/v2\/pages\/1157\/revisions\/2945"}],"wp:attachment":[{"href":"https:\/\/neuralrehabilitation.org\/projects\/EUROBENCH\/wp-json\/wp\/v2\/media?parent=1157"}],"curies":[{"name":"wp","href":"https:\/\/api.w.org\/{rel}","templated":true}]}}